{"id":14,"date":"2025-05-16T18:24:25","date_gmt":"2025-05-16T16:24:25","guid":{"rendered":"https:\/\/www.bagercars.sk\/booking\/?page_id=14"},"modified":"2025-05-23T08:20:20","modified_gmt":"2025-05-23T06:20:20","slug":"rezervacia","status":"publish","type":"page","link":"https:\/\/www.bagercars.sk\/booking\/","title":{"rendered":"Rezerv\u00e1cia"},"content":{"rendered":"\t\t<div data-elementor-type=\"wp-page\" data-elementor-id=\"14\" class=\"elementor elementor-14\" data-elementor-post-type=\"page\">\n\t\t\t\t<div class=\"elementor-element elementor-element-2fa6703 e-flex e-con-boxed e-con e-parent\" data-id=\"2fa6703\" data-element_type=\"container\" data-settings=\"{&quot;background_background&quot;:&quot;classic&quot;}\">\n\t\t\t\t\t<div class=\"e-con-inner\">\n\t\t<div class=\"elementor-element elementor-element-4e71102 e-con-full e-flex e-con e-child\" data-id=\"4e71102\" data-element_type=\"container\" data-settings=\"{&quot;background_background&quot;:&quot;classic&quot;}\">\n\t\t\t\t<div class=\"elementor-element elementor-element-87ffb60 elementor-widget elementor-widget-heading\" data-id=\"87ffb60\" data-element_type=\"widget\" data-widget_type=\"heading.default\">\n\t\t\t\t<div class=\"elementor-widget-container\">\n\t\t\t\t\t<h2 class=\"elementor-heading-title elementor-size-default\">Objednajte si term\u00edn !<\/h2>\t\t\t\t<\/div>\n\t\t\t\t<\/div>\n\t\t\t\t<div class=\"elementor-element elementor-element-b4a32db elementor-widget elementor-widget-text-editor\" data-id=\"b4a32db\" data-element_type=\"widget\" data-widget_type=\"text-editor.default\">\n\t\t\t\t<div class=\"elementor-widget-container\">\n\t\t\t\t\t\t\t\t\t<p>Vyhnite sa \u010dakaniu a rezervujte si svoj term\u00edn pohodlne cez n\u00e1\u0161 online objedn\u00e1vac\u00ed syst\u00e9m. Vyberte si d\u00e1tum, \u010das a typ slu\u017eby, ktor\u00fa potrebujete \u2013 my sa postar\u00e1me o zvy\u0161ok!<\/p>\t\t\t\t\t\t\t\t<\/div>\n\t\t\t\t<\/div>\n\t\t\t\t<div class=\"elementor-element elementor-element-ca77950 elementor-hidden-tablet elementor-hidden-mobile elementor-widget elementor-widget-button\" data-id=\"ca77950\" data-element_type=\"widget\" data-widget_type=\"button.default\">\n\t\t\t\t<div class=\"elementor-widget-container\">\n\t\t\t\t\t\t\t\t\t<div class=\"elementor-button-wrapper\">\n\t\t\t\t\t<a class=\"elementor-button elementor-button-link elementor-size-sm\" href=\"https:\/\/www.bagercars.sk\/#m-autoservis\">\n\t\t\t\t\t\t<span class=\"elementor-button-content-wrapper\">\n\t\t\t\t\t\t\t\t\t<span class=\"elementor-button-text\">\u010cO PON\u00daKAME<\/span>\n\t\t\t\t\t<\/span>\n\t\t\t\t\t<\/a>\n\t\t\t\t<\/div>\n\t\t\t\t\t\t\t\t<\/div>\n\t\t\t\t<\/div>\n\t\t\t\t<\/div>\n\t\t<div class=\"elementor-element elementor-element-6f082f2 e-con-full e-flex e-con e-child\" data-id=\"6f082f2\" data-element_type=\"container\">\n\t\t\t\t<div class=\"elementor-element elementor-element-678d79f elementor-widget elementor-widget-stepbooking\" data-id=\"678d79f\" data-element_type=\"widget\" data-widget_type=\"stepbooking.default\">\n\t\t\t\t<div class=\"elementor-widget-container\">\n\t\t\t\t\t\n<script>\n  if (typeof hasAmeliaEntitiesApiCall === 'undefined' && ('' === '' || '' === '1')) {\n    var hasAmeliaEntitiesApiCall = true;\n  }\n  var ameliaShortcodeData = (typeof ameliaShortcodeData === 'undefined') ? [] : ameliaShortcodeData;\n  ameliaShortcodeData.push(\n    {\n      'hasApiCall': (typeof hasAmeliaEntitiesApiCall !== 'undefined') && hasAmeliaEntitiesApiCall,\n      'trigger': '',\n      'trigger_type': '',\n      'triggered_form': 'sbsNew',\n      'in_dialog': '',\n      'show': '',\n      'counter': '1000',\n      'category': '',\n      'service': '',\n      'employee': '',\n      'location': '',\n      'package': ''\n    }\n  );\n\n  var ameliaShortcodeDataTriggered = (typeof ameliaShortcodeDataTriggered === 'undefined') ? [] : ameliaShortcodeDataTriggered;\n  if (ameliaShortcodeData[ameliaShortcodeData.length - 1].trigger !== '') {\n    if (ameliaShortcodeDataTriggered.filter(a => a.counter === ameliaShortcodeData[ameliaShortcodeData.length - 1].counter).length === 0) {\n      ameliaShortcodeDataTriggered.push(ameliaShortcodeData.pop());\n    } else {\n      ameliaShortcodeData.pop()\n    }\n  }\n  if (typeof hasAmeliaEntitiesApiCall !== 'undefined' && hasAmeliaEntitiesApiCall) {\n    hasAmeliaEntitiesApiCall = false;\n  }\n<\/script>\n\n<div\n  id=\"amelia-v2-booking-1000\"\n  class=\"amelia-v2-booking\"\n >\n    <step-form-wrapper><\/step-form-wrapper><\/div>\n\t\t\t\t<\/div>\n\t\t\t\t<\/div>\n\t\t\t\t<\/div>\n\t\t\t\t\t<\/div>\n\t\t\t\t<\/div>\n\t\t\t\t<\/div>\n\t\t","protected":false},"excerpt":{"rendered":"<p>Objednajte si term\u00edn ! Vyhnite sa \u010dakaniu a rezervujte si svoj term\u00edn pohodlne cez n\u00e1\u0161 online objedn\u00e1vac\u00ed syst\u00e9m. Vyberte si d\u00e1tum, \u010das a typ slu\u017eby, ktor\u00fa potrebujete \u2013 my sa postar\u00e1me o zvy\u0161ok! \u010cO PON\u00daKAME<\/p>\n","protected":false},"author":1,"featured_media":0,"parent":0,"menu_order":0,"comment_status":"closed","ping_status":"closed","template":"elementor_header_footer","meta":{"footnotes":""},"class_list":["post-14","page","type-page","status-publish","hentry"],"_links":{"self":[{"href":"https:\/\/www.bagercars.sk\/booking\/index.php\/wp-json\/wp\/v2\/pages\/14","targetHints":{"allow":["GET"]}}],"collection":[{"href":"https:\/\/www.bagercars.sk\/booking\/index.php\/wp-json\/wp\/v2\/pages"}],"about":[{"href":"https:\/\/www.bagercars.sk\/booking\/index.php\/wp-json\/wp\/v2\/types\/page"}],"author":[{"embeddable":true,"href":"https:\/\/www.bagercars.sk\/booking\/index.php\/wp-json\/wp\/v2\/users\/1"}],"replies":[{"embeddable":true,"href":"https:\/\/www.bagercars.sk\/booking\/index.php\/wp-json\/wp\/v2\/comments?post=14"}],"version-history":[{"count":91,"href":"https:\/\/www.bagercars.sk\/booking\/index.php\/wp-json\/wp\/v2\/pages\/14\/revisions"}],"predecessor-version":[{"id":129,"href":"https:\/\/www.bagercars.sk\/booking\/index.php\/wp-json\/wp\/v2\/pages\/14\/revisions\/129"}],"wp:attachment":[{"href":"https:\/\/www.bagercars.sk\/booking\/index.php\/wp-json\/wp\/v2\/media?parent=14"}],"curies":[{"name":"wp","href":"https:\/\/api.w.org\/{rel}","templated":true}]}}